{"id":236169,"date":"2021-08-03T07:33:51","date_gmt":"2021-08-03T07:33:51","guid":{"rendered":"https:\/\/www.gmmspa.com\/?page_id=236169"},"modified":"2023-11-30T11:04:44","modified_gmt":"2023-11-30T11:04:44","slug":"sistemi-portatili","status":"publish","type":"page","link":"https:\/\/www.gmmspa.com\/it\/prodotti\/sistemi-portatili\/","title":{"rendered":"Sistemi portatili"},"content":{"rendered":"<p>[et_pb_section fb_built=&#8221;1&#8243; fullwidth=&#8221;on&#8221; _builder_version=&#8221;4.16&#8243; _module_preset=&#8221;default&#8221; da_disable_devices=&#8221;off|off|off&#8221; global_colors_info=&#8221;{}&#8221; da_is_popup=&#8221;off&#8221; da_exit_intent=&#8221;off&#8221; da_has_close=&#8221;on&#8221; da_alt_close=&#8221;off&#8221; da_dark_close=&#8221;off&#8221; da_not_modal=&#8221;on&#8221; da_is_singular=&#8221;off&#8221; da_with_loader=&#8221;off&#8221; da_has_shadow=&#8221;on&#8221;][et_pb_fullwidth_header title=&#8221;@ET-DC@eyJkeW5hbWljIjp0cnVlLCJjb250ZW50IjoicG9zdF90aXRsZSIsInNldHRpbmdzIjp7ImJlZm9yZSI6IiIsImFmdGVyIjoiIn19@&#8221; header_scroll_down=&#8221;on&#8221; scroll_down_icon=&#8221;%%2%%&#8221; _builder_version=&#8221;4.16&#8243; _dynamic_attributes=&#8221;title&#8221; _module_preset=&#8221;default&#8221; title_font=&#8221;|600||on|||||&#8221; title_text_align=&#8221;center&#8221; title_font_size=&#8221;58px&#8221; title_line_height=&#8221;1.4em&#8221; background_enable_color=&#8221;off&#8221; background_image=&#8221;https:\/\/www.gmmspa.com\/wp-content\/uploads\/2021\/04\/bkg_slider-sfuocato-02.jpg&#8221; title_font_size_tablet=&#8221;40px&#8221; title_font_size_phone=&#8221;45px&#8221; title_font_size_last_edited=&#8221;on|desktop&#8221; title_text_shadow_style=&#8221;preset3&#8243; title_text_shadow_color=&#8221;#648ebc&#8221; global_colors_info=&#8221;{}&#8221;][\/et_pb_fullwidth_header][\/et_pb_section][et_pb_section fb_built=&#8221;1&#8243; admin_label=&#8221;Portfolio&#8221; _builder_version=&#8221;4.16&#8243; _module_preset=&#8221;default&#8221; custom_padding=&#8221;70px||70px||true|&#8221; bottom_divider_color=&#8221;rgba(0,0,0,0.05)&#8221; da_disable_devices=&#8221;off|off|off&#8221; locked=&#8221;off&#8221; global_colors_info=&#8221;{}&#8221; da_is_popup=&#8221;off&#8221; da_exit_intent=&#8221;off&#8221; da_has_close=&#8221;on&#8221; da_alt_close=&#8221;off&#8221; da_dark_close=&#8221;off&#8221; da_not_modal=&#8221;on&#8221; da_is_singular=&#8221;off&#8221; da_with_loader=&#8221;off&#8221; da_has_shadow=&#8221;on&#8221;][et_pb_row column_structure=&#8221;1_4,3_4&#8243; _builder_version=&#8221;4.16&#8243; _module_preset=&#8221;default&#8221; custom_padding=&#8221;||||false|false&#8221; global_colors_info=&#8221;{}&#8221;][et_pb_column type=&#8221;1_4&#8243; _builder_version=&#8221;4.16&#8243; _module_preset=&#8221;default&#8221; global_colors_info=&#8221;{}&#8221;][et_pb_image src=&#8221;https:\/\/www.gmmspa.com\/wp-content\/uploads\/2021\/04\/Mobile-System-150-02.png&#8221; align=&#8221;center&#8221; _builder_version=&#8221;4.16&#8243; _module_preset=&#8221;default&#8221; global_colors_info=&#8221;{}&#8221;][\/et_pb_image][et_pb_text _builder_version=&#8221;4.16&#8243; _module_preset=&#8221;default&#8221; text_orientation=&#8221;center&#8221; locked=&#8221;off&#8221; global_colors_info=&#8221;{}&#8221;]<\/p>\n<h4>Sistemi Portatili<\/h4>\n<p>[\/et_pb_text][\/et_pb_column][et_pb_column type=&#8221;3_4&#8243; _builder_version=&#8221;4.16&#8243; _module_preset=&#8221;default&#8221; global_colors_info=&#8221;{}&#8221;][dsm_breadcrumbs _builder_version=&#8221;4.16&#8243; _module_preset=&#8221;default&#8221; locked=&#8221;off&#8221; global_colors_info=&#8221;{}&#8221;][\/dsm_breadcrumbs][et_pb_text _builder_version=&#8221;4.16&#8243; _module_preset=&#8221;default&#8221; text_font=&#8221;|300|||||||&#8221; text_font_size=&#8221;20px&#8221; text_line_height=&#8221;1.5em&#8221; header_2_font=&#8221;|600|||||||&#8221; locked=&#8221;off&#8221; global_colors_info=&#8221;{}&#8221;]<\/p>\n<p>I sistemi portatili radiografici sono utilizzati per ottenere immagini cliniche di elevata qualit\u00e0 anche in situazioni critiche dove non \u00e8 consigliata la movimentazione del paziente, ovvero in pronto soccorso o nelle unit\u00e0 di terapia intensiva.<br \/>GMM offre due linee di sistemi portatili compatti e leggeri, sia motorizzati che non, adatti ad un utilizzo trasversale all\u2019interno dell\u2019ospedale.\u00a0<\/p>\n<p>&nbsp;<\/p>\n<p>[\/et_pb_text][\/et_pb_column][\/et_pb_row][et_pb_row use_custom_gutter=&#8221;on&#8221; make_equal=&#8221;on&#8221; _builder_version=&#8221;4.16&#8243; custom_padding=&#8221;||0px||false|false&#8221; locked=&#8221;off&#8221; global_colors_info=&#8221;{}&#8221;][et_pb_column type=&#8221;4_4&#8243; _builder_version=&#8221;4.16&#8243; custom_padding=&#8221;|||&#8221; global_colors_info=&#8221;{}&#8221; custom_padding__hover=&#8221;|||&#8221;][et_pb_divider color=&#8221;rgba(0,0,0,0.15)&#8221; divider_weight=&#8221;1px&#8221; _builder_version=&#8221;4.16&#8243; z_index=&#8221;-10&#8243; width=&#8221;90%&#8221; module_alignment=&#8221;right&#8221; custom_margin=&#8221;||-34px|-40px&#8221; global_colors_info=&#8221;{}&#8221;][\/et_pb_divider][et_pb_text _builder_version=&#8221;4.16&#8243; header_2_font=&#8221;|600|||||||&#8221; background_color=&#8221;#FFFFFF&#8221; max_width=&#8221;200px&#8221; custom_margin=&#8221;||0px||false|false&#8221; custom_padding=&#8221;||0px||false|false&#8221; global_colors_info=&#8221;{}&#8221;]<\/p>\n<h2><a href=\"https:\/\/www.gmmspa.com\/it\/prodotti\/\">Prodotti &gt;<\/a><\/h2>\n<p>[\/et_pb_text][\/et_pb_column][\/et_pb_row][et_pb_row column_structure=&#8221;1_3,1_3,1_3&#8243; use_custom_gutter=&#8221;on&#8221; gutter_width=&#8221;2&#8243; make_equal=&#8221;on&#8221; _builder_version=&#8221;4.23&#8243; _module_preset=&#8221;default&#8221; custom_padding=&#8221;||0px||false|false&#8221; hover_enabled=&#8221;0&#8243; locked=&#8221;off&#8221; global_colors_info=&#8221;{}&#8221; sticky_enabled=&#8221;0&#8243;][et_pb_column type=&#8221;1_3&#8243; module_class=&#8221;corner-grigio-static corner-blu-static&#8221; _builder_version=&#8221;4.23&#8243; _module_preset=&#8221;default&#8221; hover_enabled=&#8221;0&#8243; border_color_all=&#8221;rgba(0,0,0,0.15)&#8221; global_colors_info=&#8221;{}&#8221; transform_styles__hover_enabled=&#8221;off|hover&#8221; transform_scale__hover_enabled=&#8221;off|hover&#8221; transform_translate__hover_enabled=&#8221;off|hover&#8221; transform_rotate__hover_enabled=&#8221;off|hover&#8221; transform_skew__hover_enabled=&#8221;off|hover&#8221; transform_origin__hover_enabled=&#8221;off|hover&#8221; sticky_enabled=&#8221;0&#8243;][dsm_card title=&#8221;MAC Revolution&#8221; image=&#8221;https:\/\/www.gmmspa.com\/wp-content\/uploads\/2023\/02\/MAC-REVOLUTION-Gallery-1.jpg&#8221; button_text=&#8221;Scopri di pi\u00f9&#8221; button_url=&#8221;@ET-DC@eyJkeW5hbWljIjp0cnVlLCJjb250ZW50IjoicG9zdF9saW5rX3VybF9wYWdlIiwic2V0dGluZ3MiOnsicG9zdF9pZCI6IjIzODc3MSJ9fQ==@&#8221; button_url_new_window=&#8221;1&#8243; disabled_on=&#8221;off|off|off&#8221; _builder_version=&#8221;4.20.0&#8243; _dynamic_attributes=&#8221;button_url,link_option_url&#8221; _module_preset=&#8221;default&#8221; header_level=&#8221;h3&#8243; transform_scale=&#8221;90%|90%&#8221; text_orientation=&#8221;center&#8221; link_option_url=&#8221;@ET-DC@eyJkeW5hbWljIjp0cnVlLCJjb250ZW50IjoicG9zdF9saW5rX3VybF9wYWdlIiwic2V0dGluZ3MiOnsicG9zdF9pZCI6IjIzODc3MSJ9fQ==@&#8221; border_width_all=&#8221;1px&#8221; border_color_all=&#8221;rgba(0,0,0,0.15)&#8221; global_colors_info=&#8221;{}&#8221; transform_styles__hover_enabled=&#8221;on|hover&#8221; transform_scale__hover_enabled=&#8221;on|hover&#8221; transform_translate__hover_enabled=&#8221;on|desktop&#8221; transform_rotate__hover_enabled=&#8221;on|desktop&#8221; transform_skew__hover_enabled=&#8221;on|desktop&#8221; transform_origin__hover_enabled=&#8221;on|desktop&#8221; transform_scale__hover=&#8221;100%|100%&#8221;]<\/p>\n<p><span style=\"font-weight: 400;\">Sistema radiografico portatile con tablet PC estraibile e utilizzabile come sistema retrofit.<\/span><\/p>\n<p>[\/dsm_card][\/et_pb_column][et_pb_column type=&#8221;1_3&#8243; module_class=&#8221;corner-grigio-static corner-blu-static&#8221; _builder_version=&#8221;4.23&#8243; _module_preset=&#8221;default&#8221; hover_enabled=&#8221;0&#8243; border_color_all=&#8221;rgba(0,0,0,0.15)&#8221; global_colors_info=&#8221;{}&#8221; transform_styles__hover_enabled=&#8221;off|hover&#8221; transform_scale__hover_enabled=&#8221;off|hover&#8221; transform_translate__hover_enabled=&#8221;off|hover&#8221; transform_rotate__hover_enabled=&#8221;off|hover&#8221; transform_skew__hover_enabled=&#8221;off|hover&#8221; transform_origin__hover_enabled=&#8221;off|hover&#8221; sticky_enabled=&#8221;0&#8243;][dsm_card title=&#8221;MAC D&#8221; image=&#8221;https:\/\/www.gmmspa.com\/wp-content\/uploads\/2021\/05\/04-product-home-Mac-D.jpg&#8221; button_text=&#8221;Scopri di pi\u00f9&#8221; button_url=&#8221;https:\/\/www.gmmspa.com\/it\/prodotti\/sistemi-portatili\/mac-d\/&#8221; button_url_new_window=&#8221;1&#8243; _builder_version=&#8221;4.16&#8243; _module_preset=&#8221;default&#8221; header_level=&#8221;h3&#8243; transform_scale=&#8221;90%|90%&#8221; text_orientation=&#8221;center&#8221; link_option_url=&#8221;https:\/\/www.gmmspa.com\/it\/prodotti\/sistemi-portatili\/mac-d\/&#8221; border_width_all=&#8221;1px&#8221; border_color_all=&#8221;rgba(0,0,0,0.15)&#8221; locked=&#8221;off&#8221; global_colors_info=&#8221;{}&#8221; transform_styles__hover_enabled=&#8221;on|hover&#8221; transform_scale__hover_enabled=&#8221;on|hover&#8221; transform_translate__hover_enabled=&#8221;on|desktop&#8221; transform_rotate__hover_enabled=&#8221;on|desktop&#8221; transform_skew__hover_enabled=&#8221;on|desktop&#8221; transform_origin__hover_enabled=&#8221;on|desktop&#8221; transform_scale__hover=&#8221;100%|100%&#8221;]<\/p>\n<p><span style=\"font-weight: 400;\">Sistema radiografico digitale portatile caratterizzato da elevata manovrabilit\u00e0, design compatto e facilit\u00e0 d\u2019uso.<\/span><\/p>\n<p>[\/dsm_card][\/et_pb_column][et_pb_column type=&#8221;1_3&#8243; module_class=&#8221;corner-grigio-static corner-blu-static&#8221; _builder_version=&#8221;4.23&#8243; _module_preset=&#8221;default&#8221; hover_enabled=&#8221;0&#8243; border_color_all=&#8221;rgba(0,0,0,0.15)&#8221; global_colors_info=&#8221;{}&#8221; transform_styles__hover_enabled=&#8221;off|hover&#8221; transform_scale__hover_enabled=&#8221;off|hover&#8221; transform_translate__hover_enabled=&#8221;off|hover&#8221; transform_rotate__hover_enabled=&#8221;off|hover&#8221; transform_skew__hover_enabled=&#8221;off|hover&#8221; transform_origin__hover_enabled=&#8221;off|hover&#8221; sticky_enabled=&#8221;0&#8243;][dsm_card title=&#8221;MAC&#8221; image=&#8221;https:\/\/www.gmmspa.com\/wp-content\/uploads\/2021\/05\/16-product-home-MAC.jpg&#8221; button_text=&#8221;Scopri di pi\u00f9&#8221; button_url=&#8221;https:\/\/www.gmmspa.com\/it\/prodotti\/sistemi-portatili\/mac\/&#8221; button_url_new_window=&#8221;1&#8243; _builder_version=&#8221;4.16&#8243; _module_preset=&#8221;default&#8221; header_level=&#8221;h3&#8243; transform_scale=&#8221;90%|90%&#8221; text_orientation=&#8221;center&#8221; link_option_url=&#8221;https:\/\/www.gmmspa.com\/it\/prodotti\/sistemi-portatili\/mac\/&#8221; border_width_all=&#8221;1px&#8221; border_color_all=&#8221;rgba(0,0,0,0.15)&#8221; locked=&#8221;off&#8221; global_colors_info=&#8221;{}&#8221; transform_styles__hover_enabled=&#8221;on|hover&#8221; transform_scale__hover_enabled=&#8221;on|hover&#8221; transform_translate__hover_enabled=&#8221;on|desktop&#8221; transform_rotate__hover_enabled=&#8221;on|desktop&#8221; transform_skew__hover_enabled=&#8221;on|desktop&#8221; transform_origin__hover_enabled=&#8221;on|desktop&#8221; transform_scale__hover=&#8221;100%|100%&#8221;]<\/p>\n<p><span style=\"font-weight: 400;\">Soluzione compatta e leggera caratterizzata da elevata qualit\u00e0 d\u2019immagine in una variet\u00e0 di situazioni (sala operatoria, terapia intensiva e pronto soccorso).<\/span><\/p>\n<p>[\/dsm_card][\/et_pb_column][\/et_pb_row][et_pb_row column_structure=&#8221;1_3,1_3,1_3&#8243; use_custom_gutter=&#8221;on&#8221; gutter_width=&#8221;2&#8243; make_equal=&#8221;on&#8221; _builder_version=&#8221;4.23&#8243; _module_preset=&#8221;default&#8221; custom_padding=&#8221;||0px||false|false&#8221; locked=&#8221;off&#8221; global_colors_info=&#8221;{}&#8221;][et_pb_column type=&#8221;1_3&#8243; module_class=&#8221;corner-grigio-static corner-blu-static&#8221; _builder_version=&#8221;4.23&#8243; _module_preset=&#8221;default&#8221; border_color_all=&#8221;rgba(0,0,0,0.15)&#8221; global_colors_info=&#8221;{}&#8221; transform_styles__hover_enabled=&#8221;off|hover&#8221; transform_scale__hover_enabled=&#8221;off|hover&#8221; transform_translate__hover_enabled=&#8221;off|hover&#8221; transform_rotate__hover_enabled=&#8221;off|hover&#8221; transform_skew__hover_enabled=&#8221;off|hover&#8221; transform_origin__hover_enabled=&#8221;off|hover&#8221;][dsm_card title=&#8221;Accord&#8221; image=&#8221;https:\/\/www.gmmspa.com\/wp-content\/uploads\/2021\/05\/19-product-home-Accord.jpg&#8221; button_text=&#8221;Scopri di pi\u00f9&#8221; button_url=&#8221;https:\/\/www.gmmspa.com\/it\/prodotti\/sistemi-portatili\/accord\/&#8221; button_url_new_window=&#8221;1&#8243; _builder_version=&#8221;4.16&#8243; _module_preset=&#8221;default&#8221; header_level=&#8221;h3&#8243; transform_scale=&#8221;90%|90%&#8221; text_orientation=&#8221;center&#8221; link_option_url=&#8221;https:\/\/www.gmmspa.com\/it\/prodotti\/sistemi-portatili\/accord\/&#8221; border_width_all=&#8221;1px&#8221; border_color_all=&#8221;rgba(0,0,0,0.15)&#8221; locked=&#8221;off&#8221; global_colors_info=&#8221;{}&#8221; transform_styles__hover_enabled=&#8221;on|hover&#8221; transform_scale__hover_enabled=&#8221;on|hover&#8221; transform_translate__hover_enabled=&#8221;on|desktop&#8221; transform_rotate__hover_enabled=&#8221;on|desktop&#8221; transform_skew__hover_enabled=&#8221;on|desktop&#8221; transform_origin__hover_enabled=&#8221;on|desktop&#8221; transform_scale__hover=&#8221;100%|100%&#8221;]<\/p>\n<p><span style=\"font-weight: 400;\">Sistema portatile analogico compatto, motorizzato e facilmente posizionabile a fianco del paziente, in grado di garantire elevata qualit\u00e0 d\u2019 immagine.<\/span><\/p>\n<p>[\/dsm_card][\/et_pb_column][et_pb_column type=&#8221;1_3&#8243; module_class=&#8221;corner-grigio-static corner-blu-static&#8221; _builder_version=&#8221;4.20.0&#8243; _module_preset=&#8221;default&#8221; global_colors_info=&#8221;{}&#8221;][dsm_card title=&#8221;Accord DR&#8221; image=&#8221;https:\/\/www.gmmspa.com\/wp-content\/uploads\/2021\/05\/10-product-home-Accord-DR.jpg&#8221; button_text=&#8221;Scopri di pi\u00f9&#8221; button_url=&#8221;https:\/\/www.gmmspa.com\/it\/prodotti\/sistemi-portatili\/accord-dr\/&#8221; button_url_new_window=&#8221;1&#8243; _builder_version=&#8221;4.20.0&#8243; _module_preset=&#8221;default&#8221; header_level=&#8221;h3&#8243; transform_scale=&#8221;90%|90%&#8221; text_orientation=&#8221;center&#8221; link_option_url=&#8221;https:\/\/www.gmmspa.com\/it\/prodotti\/sistemi-portatili\/accord-dr\/&#8221; border_width_all=&#8221;1px&#8221; border_color_all=&#8221;rgba(0,0,0,0.15)&#8221; global_colors_info=&#8221;{}&#8221; transform_styles__hover_enabled=&#8221;on|hover&#8221; transform_scale__hover_enabled=&#8221;on|hover&#8221; transform_translate__hover_enabled=&#8221;on|desktop&#8221; transform_rotate__hover_enabled=&#8221;on|desktop&#8221; transform_skew__hover_enabled=&#8221;on|desktop&#8221; transform_origin__hover_enabled=&#8221;on|desktop&#8221; transform_scale__hover=&#8221;100%|100%&#8221;]<\/p>\n<p><span style=\"font-weight: 400;\">Sistema portatile digitale compatto, motorizzato e caratterizzato da elevata qualit\u00e0 d\u2019immagine in un ampio range di applicazioni.<\/span><\/p>\n<p>[\/dsm_card][\/et_pb_column][et_pb_column type=&#8221;1_3&#8243; _builder_version=&#8221;4.16&#8243; _module_preset=&#8221;default&#8221; global_colors_info=&#8221;{}&#8221;][\/et_pb_column][\/et_pb_row][\/et_pb_section]<\/p>\n","protected":false},"excerpt":{"rendered":"<p>I sistemi portatili radiografici sono utilizzati per ottenere immagini cliniche di elevata qualit\u00e0 anche in situazioni critiche dove non \u00e8 consigliata la movimentazione del paziente, ovvero in pronto soccorso o nelle unit\u00e0 di terapia intensiva.<br \/>\nGMM offre due linee di sistemi portatili compatti e leggeri, sia motorizzati che non, adatti ad un utilizzo trasversale all\u2019interno dell\u2019ospedale.<\/p>\n","protected":false},"author":5,"featured_media":0,"parent":236061,"menu_order":0,"comment_status":"closed","ping_status":"closed","template":"","meta":{"_et_pb_use_builder":"on","_et_pb_old_content":"","_et_gb_content_width":"","footnotes":""},"class_list":["post-236169","page","type-page","status-publish","hentry"],"_links":{"self":[{"href":"https:\/\/www.gmmspa.com\/it\/wp-json\/wp\/v2\/pages\/236169","targetHints":{"allow":["GET"]}}],"collection":[{"href":"https:\/\/www.gmmspa.com\/it\/wp-json\/wp\/v2\/pages"}],"about":[{"href":"https:\/\/www.gmmspa.com\/it\/wp-json\/wp\/v2\/types\/page"}],"author":[{"embeddable":true,"href":"https:\/\/www.gmmspa.com\/it\/wp-json\/wp\/v2\/users\/5"}],"replies":[{"embeddable":true,"href":"https:\/\/www.gmmspa.com\/it\/wp-json\/wp\/v2\/comments?post=236169"}],"version-history":[{"count":12,"href":"https:\/\/www.gmmspa.com\/it\/wp-json\/wp\/v2\/pages\/236169\/revisions"}],"predecessor-version":[{"id":239505,"href":"https:\/\/www.gmmspa.com\/it\/wp-json\/wp\/v2\/pages\/236169\/revisions\/239505"}],"up":[{"embeddable":true,"href":"https:\/\/www.gmmspa.com\/it\/wp-json\/wp\/v2\/pages\/236061"}],"wp:attachment":[{"href":"https:\/\/www.gmmspa.com\/it\/wp-json\/wp\/v2\/media?parent=236169"}],"curies":[{"name":"wp","href":"https:\/\/api.w.org\/{rel}","templated":true}]}}